{"id":27,"date":"2015-10-05T11:06:36","date_gmt":"2015-10-05T15:06:36","guid":{"rendered":"http:\/\/72.51.6.226\/axxima2\/?page_id=27"},"modified":"2025-06-25T12:43:40","modified_gmt":"2025-06-25T16:43:40","slug":"membership-login","status":"publish","type":"page","link":"https:\/\/internal.cllas.ca\/","title":{"rendered":"Member Login"},"content":{"rendered":"<h5 style=\"text-align: center;\"><strong><div class=\"swpm-login-widget-form\">\n    <form id=\"swpm-login-form\" name=\"swpm-login-form\" method=\"post\" action=\"\">\n        <input type=\"hidden\" name=\"swpm_login_origination_flag\" value=\"1\" \/>\n        <div class=\"swpm-login-form-inner\">\n            <div class=\"swpm-username-label\">\n                <label for=\"swpm_user_name\" class=\"swpm-label\">Username or Email<\/label>\n            <\/div>\n            <div class=\"swpm-username-input\">\n                <input type=\"text\" class=\"swpm-text-field swpm-username-field\" id=\"swpm_user_name\" value=\"\" size=\"25\" name=\"swpm_user_name\" \/>\n            <\/div>\n            <div class=\"swpm-password-label\">\n                <label for=\"swpm_password\" class=\"swpm-label\">Password<\/label>\n            <\/div>\n            <div class=\"swpm-password-input\">                \n                <input type=\"password\" class=\"swpm-text-field swpm-password-field\" id=\"swpm_password\" value=\"\" size=\"25\" name=\"swpm_password\" \/>                \n            <\/div>\n                        <div class=\"swpm-remember-me\">\n                <span class=\"swpm-remember-checkbox\"><input type=\"checkbox\" name=\"rememberme\" id=\"swpm-rememberme\"><\/span>\n                <label for=\"swpm-rememberme\" class=\"swpm-rememberme-label\">\n                    <span class=\"swpm-rember-label\"> Remember Me<\/span>\n                <\/label>\n            <\/div>\n\n            <div class=\"swpm-before-login-submit-section\"><\/div>\n\n            <div class=\"swpm-login-submit\">\n                <input type=\"submit\" class=\"swpm-login-form-submit\" name=\"swpm-login\" value=\"Log In\"\/>\n            <\/div>\n            <div class=\"swpm-forgot-pass-link\">\n                <a id=\"forgot_pass\" class=\"swpm-login-form-pw-reset-link\"  href=\"https:\/\/internal.cllas.ca\/?page_id=2737\">Forgot Password?<\/a>\n            <\/div>\n                        <div class=\"swpm-login-action-msg\">\n                <span class=\"swpm-login-widget-action-msg\"><\/span>\n            <\/div>\n        <\/div>\n    <\/form>\n\n    <\/div>\n<\/strong><\/h5>\n<pre style=\"text-align: center;\">CLLAS is committed to protecting your privacy. For questions or concerns, please contact us at <a href=\"mailto:privacy@axxima.ca\">privacy@axxima.ca<\/a>.\nCLLAS a \u00e0 coeur de prot\u00e9ger vos renseignements personnels. Pour toute question ou pr\u00e9occupation, veuillez communiquer avec nous \u00e0 <a href=\"mailto:privacy@axxima.ca\">privacy@axxima.ca<\/a>.<\/pre>\n","protected":false},"excerpt":{"rendered":"<p>CLLAS is committed to protecting your privacy. For questions or concerns, please contact us at privacy@axxima.ca. CLLAS a \u00e0 coeur de prot\u00e9ger vos renseignements personnels. Pour toute question ou pr\u00e9occupation, veuillez communiquer avec nous \u00e0 privacy@axxima.ca.<\/p>\n","protected":false},"author":50,"featured_media":0,"parent":0,"menu_order":0,"comment_status":"closed","ping_status":"closed","template":"","meta":{"_et_pb_use_builder":"off","_et_pb_old_content":"<p style=\"text-align: center;\"><strong>[swpm_login_form]<\/strong><\/p>","_et_gb_content_width":"","_kad_post_transparent":"","_kad_post_title":"","_kad_post_layout":"","_kad_post_sidebar_id":"","_kad_post_content_style":"","_kad_post_vertical_padding":"","_kad_post_feature":"","_kad_post_feature_position":"","_kad_post_header":false,"_kad_post_footer":false,"_kad_post_classname":"","footnotes":""},"class_list":["post-27","page","type-page","status-publish","hentry"],"_links":{"self":[{"href":"https:\/\/internal.cllas.ca\/index.php?rest_route=\/wp\/v2\/pages\/27","targetHints":{"allow":["GET"]}}],"collection":[{"href":"https:\/\/internal.cllas.ca\/index.php?rest_route=\/wp\/v2\/pages"}],"about":[{"href":"https:\/\/internal.cllas.ca\/index.php?rest_route=\/wp\/v2\/types\/page"}],"author":[{"embeddable":true,"href":"https:\/\/internal.cllas.ca\/index.php?rest_route=\/wp\/v2\/users\/50"}],"replies":[{"embeddable":true,"href":"https:\/\/internal.cllas.ca\/index.php?rest_route=%2Fwp%2Fv2%2Fcomments&post=27"}],"version-history":[{"count":16,"href":"https:\/\/internal.cllas.ca\/index.php?rest_route=\/wp\/v2\/pages\/27\/revisions"}],"predecessor-version":[{"id":2773,"href":"https:\/\/internal.cllas.ca\/index.php?rest_route=\/wp\/v2\/pages\/27\/revisions\/2773"}],"wp:attachment":[{"href":"https:\/\/internal.cllas.ca\/index.php?rest_route=%2Fwp%2Fv2%2Fmedia&parent=27"}],"curies":[{"name":"wp","href":"https:\/\/api.w.org\/{rel}","templated":true}]}}